{"id":10,"date":"2017-11-06T23:25:16","date_gmt":"2017-11-06T23:25:16","guid":{"rendered":"https:\/\/campoparatodos.com.ar\/?page_id=10"},"modified":"2020-11-18T21:21:32","modified_gmt":"2020-11-18T21:21:32","slug":"quienes-somos","status":"publish","type":"page","link":"https:\/\/test.cookdigital.net\/campoparatodos\/quienes-somos\/","title":{"rendered":"Qui\u00e9nes somos"},"content":{"rendered":"<p><strong>Campo para Todos es el \u00fanico medio digital especializado de la provincia de Santiago del Estero con una versi\u00f3n impresa.<\/strong><\/p>\n<p><strong>\u00a0<\/strong>Nuestro eslogan es <strong>\u201cNos une y re\u00fane, revista Campo para Todos\u201d. <\/strong><strong>\u00abNos une\u00bb<\/strong> porque\u00a0 desde 1996 es un elemento en com\u00fan para todo sector rural del Noroeste de Argentina\u00a0 y <strong>\u00abNos re\u00fane\u00bb<\/strong> porque tenemos tradici\u00f3n en organizaci\u00f3n de eventos y adem\u00e1s somos representantes exclusivos de la Expo BRA, la reuni\u00f3n ganadera m\u00e1s importante del NOA. Tambi\u00e9n nos reunimos para la entrega anual de los \u201cReconocimientos Revista Campo para Todos a la Producci\u00f3n Santiague\u00f1a\u201d.<\/p>\n<p><strong>Objetivos:<\/strong><\/p>\n<ul>\n<li><em>Dar a conocer a la sociedad la importancia del sector agropecuario, en especial el trabajo de productores, t\u00e9cnicos, empresas e instituciones.<\/em><\/li>\n<li><em>Contribuir a mejorar la producci\u00f3n agropecuaria y su rentabilidad.<\/em><\/li>\n<li><em>Transferir tecnolog\u00eda de experiencias realizadas por los t\u00e9cnicos especializados en cada regi\u00f3n.<\/em><\/li>\n<li><em>Ser referentes en comunicaci\u00f3n especializada en nuestra regi\u00f3n.<\/em><\/li>\n<\/ul>\n<p>La Revista Campo para Todos, propiedad de Car<span class=\"text_exposed_show\"><span class=\"text_exposed_show\">los Federico Hamann, ha generado desde su inicio un sistema de difusi\u00f3n t\u00e9cnica period\u00edstica, que beneficia al lector incentivando la aplicaci\u00f3n de tecnolog\u00edas generadas por t\u00e9cnicos locales que desarrollan sistemas y productos m\u00e1s eficientes para la zona de radicaci\u00f3n del productor. <\/span><\/span><\/p>\n<p><strong>Nuestro sistema de difusi\u00f3n para promociones digitales es mediante enlace desde nuestra web <a href=\"http:\/\/www.campoparatodos.com.ar\">www.campoparatodos.com.ar<\/a>\u00a0 <\/strong>por <strong>Facebook, Instagram, YouTube, Twitter y Telegram. Env\u00edo por WhatsApp y Messenger; y con publicaciones directas en esas plataformas.<\/strong><\/p>\n","protected":false},"excerpt":{"rendered":"<p>Campo para Todos es el \u00fanico medio digital especializado de la provincia de Santiago del Estero con una versi\u00f3n impresa. \u00a0Nuestro eslogan es \u201cNos une y re\u00fane, revista Campo para Todos\u201d. \u00abNos une\u00bb porque\u00a0 desde 1996 es un elemento en com\u00fan para todo sector rural del Noroeste de Argentina\u00a0 y \u00abNos re\u00fane\u00bb porque tenemos tradici\u00f3n &#8230; <a title=\"Qui\u00e9nes somos\" class=\"read-more\" href=\"https:\/\/test.cookdigital.net\/campoparatodos\/quienes-somos\/\" aria-label=\"M\u00e1s en Qui\u00e9nes somos\">Leer m\u00e1s<\/a><\/p>\n","protected":false},"author":1,"featured_media":0,"parent":0,"menu_order":0,"comment_status":"closed","ping_status":"closed","template":"","meta":{"spay_email":""},"jetpack_sharing_enabled":true,"jetpack_shortlink":"https:\/\/wp.me\/P9m0DJ-a","jetpack_likes_enabled":true,"jetpack-related-posts":[{"id":12,"url":"https:\/\/test.cookdigital.net\/campoparatodos\/ultima-edicion\/","url_meta":{"origin":10,"position":0},"title":"\u00daltima edici\u00f3n","date":"noviembre 6, 2017","format":false,"excerpt":"","rel":"","context":"Entrada similar","img":{"alt_text":"","src":"","width":0,"height":0},"classes":[]},{"id":14,"url":"https:\/\/test.cookdigital.net\/campoparatodos\/ediciones-anteriores\/","url_meta":{"origin":10,"position":1},"title":"Ediciones anteriores","date":"noviembre 6, 2017","format":false,"excerpt":"","rel":"","context":"Entrada similar","img":{"alt_text":"","src":"","width":0,"height":0},"classes":[]}],"_links":{"self":[{"href":"https:\/\/test.cookdigital.net\/campoparatodos\/wp-json\/wp\/v2\/pages\/10"}],"collection":[{"href":"https:\/\/test.cookdigital.net\/campoparatodos\/wp-json\/wp\/v2\/pages"}],"about":[{"href":"https:\/\/test.cookdigital.net\/campoparatodos\/wp-json\/wp\/v2\/types\/page"}],"author":[{"embeddable":true,"href":"https:\/\/test.cookdigital.net\/campoparatodos\/wp-json\/wp\/v2\/users\/1"}],"replies":[{"embeddable":true,"href":"https:\/\/test.cookdigital.net\/campoparatodos\/wp-json\/wp\/v2\/comments?post=10"}],"version-history":[{"count":5,"href":"https:\/\/test.cookdigital.net\/campoparatodos\/wp-json\/wp\/v2\/pages\/10\/revisions"}],"predecessor-version":[{"id":1136,"href":"https:\/\/test.cookdigital.net\/campoparatodos\/wp-json\/wp\/v2\/pages\/10\/revisions\/1136"}],"wp:attachment":[{"href":"https:\/\/test.cookdigital.net\/campoparatodos\/wp-json\/wp\/v2\/media?parent=10"}],"curies":[{"name":"wp","href":"https:\/\/api.w.org\/{rel}","templated":true}]}}